{"id":507,"date":"2020-09-10T11:29:18","date_gmt":"2020-09-10T09:29:18","guid":{"rendered":"https:\/\/www.danielechiantese.it\/?page_id=507"},"modified":"2021-11-09T10:53:50","modified_gmt":"2021-11-09T09:53:50","slug":"online-session-dtx-e-drum-ead10","status":"publish","type":"page","link":"https:\/\/www.danielechiantese.it\/en\/online-session-dtx-e-drum-ead10\/","title":{"rendered":"ONLINE SESSION DTX E-DRUM e EAD10"},"content":{"rendered":"<div class=\"fusion-fullwidth fullwidth-box fusion-builder-row-1 nonhundred-percent-fullwidth non-hundred-percent-height-scrolling\" style=\"--awb-border-radius-top-left:0px;--awb-border-radius-top-right:0px;--awb-border-radius-bottom-right:0px;--awb-border-radius-bottom-left:0px;\" ><div class=\"fusion-builder-row fusion-row\"><div class=\"fusion-layout-column fusion_builder_column fusion-builder-column-0 fusion_builder_column_1_1 1_1 fusion-one-full fusion-column-first fusion-column-last\" style=\"--awb-bg-size:cover;\"><div class=\"fusion-column-wrapper fusion-column-has-shadow fusion-flex-column-wrapper-legacy\"><div class=\"fusion-text fusion-text-1\"><h2 style=\"text-align: center;\">Online Session<\/h2>\n<h3 style=\"text-align: center;\">DTX E-DRUM e EAD10<\/h3>\n<h4 style=\"text-align: center;\">CORSO INTRODUZIONE ONLINE<\/h4>\n<p style=\"text-align: center;\">Sono disponibili sessioni online in qualsiasi momento possibile. Hai bisogno di lezioni?Hai domande specifiche sugli e-drums? Vuoi solo dopo una sessione continuare ad essere seguito? Segnalalo direttamente via e-mail. Troviamo sempre un modo! Con l&#8217;acquisto di una batteria elettronica Yamaha o di una EAD10 dal 1 aprile 2020 puoi partecipare gratuitamente a un corso introduttivo online.<\/p>\n<h3 style=\"text-align: center;\">Registrati ora con pochi clic e partecipa!<\/h3>\n<p style=\"text-align: center;\"><strong>Informazioni importanti:<\/strong> dopo aver ricevuto la data desiderata, controller\u00f2 il calendario e ti contatter\u00f2 tramite e-mail. Se l&#8217;orario scelto non \u00e8 disponibile ti invier\u00f2 appuntamenti alternativi. Scegline uno e conferma. \u00c8 vivamente consigliato l&#8217;utilizzo delle cuffie, rende tutto pi\u00f9 facile e il suono \u00e8 semplicemente migliore. Ci vediamo a Lezione! <a href=\"https:\/\/www.danielechiantese.it\/en\/#contact\">Mettiti in contatto<\/a> per qualsiasi domanda.<\/p>\n<\/div>\n<div class=\"wpcf7 no-js\" id=\"wpcf7-f511-o1\" lang=\"it-IT\" dir=\"ltr\">\n<div class=\"screen-reader-response\"><p role=\"status\" aria-live=\"polite\" aria-atomic=\"true\"><\/p> <ul><\/ul><\/div>\n<form action=\"\/en\/wp-json\/wp\/v2\/pages\/507#wpcf7-f511-o1\" method=\"post\" class=\"wpcf7-form init\" aria-label=\"Modulo di contatto\" novalidate=\"novalidate\" data-status=\"init\" data-trp-original-action=\"\/en\/wp-json\/wp\/v2\/pages\/507#wpcf7-f511-o1\">\n<div style=\"display: none;\">\n<input type=\"hidden\" name=\"_wpcf7\" value=\"511\" \/>\n<input type=\"hidden\" name=\"_wpcf7_version\" value=\"5.7.3\" \/>\n<input type=\"hidden\" name=\"_wpcf7_locale\" value=\"it_IT\" \/>\n<input type=\"hidden\" name=\"_wpcf7_unit_tag\" value=\"wpcf7-f511-o1\" \/>\n<input type=\"hidden\" name=\"_wpcf7_container_post\" value=\"0\" \/>\n<input type=\"hidden\" name=\"_wpcf7_posted_data_hash\" value=\"\" \/>\n<input type=\"hidden\" name=\"_wpcf7_recaptcha_response\" value=\"\" \/>\n<\/div>\n<p><b>Fino a 3 persone possono essere in una sessione. Dura 45 minuti.<\/b>\n<\/p>\n<p><label>Nome (obbligatorio)<br \/>\n<span class=\"wpcf7-form-control-wrap\" data-name=\"your-name\"><input size=\"40\" class=\"wpcf7-form-control wpcf7-text wpcf7-validates-as-required\" aria-required=\"true\" aria-invalid=\"false\" value=\"\" type=\"text\" name=\"your-name\" \/><\/span> <\/label><br \/>\n<label>Numero di serie<br \/>\n<span class=\"wpcf7-form-control-wrap\" data-name=\"numero-serie\"><input class=\"wpcf7-form-control wpcf7-number wpcf7-validates-as-required wpcf7-validates-as-number\" aria-required=\"true\" aria-invalid=\"false\" value=\"\" type=\"number\" name=\"numero-serie\" \/><\/span><\/label><br \/>\n<label>Data di acquisto<br \/>\n<span class=\"wpcf7-form-control-wrap\" data-name=\"date-acquisto\"><input class=\"wpcf7-form-control wpcf7-date wpcf7-validates-as-required wpcf7-validates-as-date\" aria-required=\"true\" aria-invalid=\"false\" value=\"\" type=\"date\" name=\"date-acquisto\" \/><\/span><\/label>\n<\/p>\n<p><label> Email (obbligatorio)<br \/>\n<span class=\"wpcf7-form-control-wrap\" data-name=\"your-email\"><input size=\"40\" class=\"wpcf7-form-control wpcf7-text wpcf7-email wpcf7-validates-as-required wpcf7-validates-as-email\" aria-required=\"true\" aria-invalid=\"false\" value=\"\" type=\"email\" name=\"your-email\" \/><\/span> <\/label><br \/>\n<label>Telefono<br \/>\n<span class=\"wpcf7-form-control-wrap\" data-name=\"numero-telefono\"><input size=\"40\" class=\"wpcf7-form-control wpcf7-text wpcf7-tel wpcf7-validates-as-tel\" aria-invalid=\"false\" value=\"\" type=\"tel\" name=\"numero-telefono\" \/><\/span><\/label><br \/>\n<label>Et\u00e0<br \/>\n<span class=\"wpcf7-form-control-wrap\" data-name=\"eta\"><input class=\"wpcf7-form-control wpcf7-number wpcf7-validates-as-required wpcf7-validates-as-number\" min=\"10\" max=\"70\" aria-required=\"true\" aria-invalid=\"false\" value=\"\" type=\"number\" name=\"eta\" \/><\/span><\/label><br \/>\n<label>Esperienza<br \/>\n<span class=\"wpcf7-form-control-wrap\" data-name=\"esperienza\"><select class=\"wpcf7-form-control wpcf7-select wpcf7-validates-as-required\" aria-required=\"true\" aria-invalid=\"false\" name=\"esperienza\"><option value=\"Principiante\">Principiante<\/option><option value=\"Avanzato\">Avanzato<\/option><option value=\"Professionista\">Professionista<\/option><\/select><\/span><\/label>\n<\/p>\n<hr \/>\n<h3>Appuntamento Desiderato\n<\/h3>\n<p><label>Data<br \/>\n<span class=\"wpcf7-form-control-wrap\" data-name=\"data-appuntamento\"><input class=\"wpcf7-form-control wpcf7-date wpcf7-validates-as-date\" aria-invalid=\"false\" value=\"\" type=\"date\" name=\"data-appuntamento\" \/><\/span><\/label><br \/>\n<label>Ora<br \/>\n<span class=\"wpcf7-form-control-wrap\" data-name=\"orario\"><select class=\"wpcf7-form-control wpcf7-select\" aria-invalid=\"false\" name=\"orario\"><option value=\"09:00\">09:00<\/option><option value=\"09:15\">09:15<\/option><option value=\"09:30\">09:30<\/option><option value=\"09:45\">09:45<\/option><option value=\"10:00\">10:00<\/option><option value=\"10:15\">10:15<\/option><option value=\"10:30\">10:30<\/option><option value=\"10:45\">10:45<\/option><option value=\"11:00\">11:00<\/option><option value=\"11:15\">11:15<\/option><option value=\"11:30\">11:30<\/option><option value=\"11:45\">11:45<\/option><option value=\"12:00\">12:00<\/option><option value=\"12:15\">12:15<\/option><option value=\"12:30\">12:30<\/option><option value=\"12:45\">12:45<\/option><option value=\"13:00\">13:00<\/option><option value=\"13:15\">13:15<\/option><option value=\"13:30\">13:30<\/option><option value=\"13:45\">13:45<\/option><option value=\"14:00\">14:00<\/option><option value=\"14:15\">14:15<\/option><option value=\"14:30\">14:30<\/option><option value=\"14:45\">14:45<\/option><option value=\"15:00\">15:00<\/option><option value=\"15:15\">15:15<\/option><option value=\"15:30\">15:30<\/option><option value=\"15:45\">15:45<\/option><option value=\"16:00\">16:00<\/option><option value=\"16:15\">16:15<\/option><option value=\"16:30\">16:30<\/option><option value=\"16:45\">16:45<\/option><option value=\"17:00\">17:00<\/option><option value=\"17:15\">17:15<\/option><option value=\"17:30\">17:30<\/option><option value=\"17:45\">17:45<\/option><option value=\"18:00\">18:00<\/option><option value=\"18:15\">18:15<\/option><option value=\"18:30\">18:30<\/option><option value=\"18:45\">18:45<\/option><option value=\"19:00\">19:00<\/option><\/select><\/span><\/label>\n<\/p>\n<h5>Giorno della settimana preferito se l'appuntamento non funziona.\n<\/h5>\n<p><span class=\"wpcf7-form-control-wrap\" data-name=\"giorno-preferito\"><select class=\"wpcf7-form-control wpcf7-select\" aria-invalid=\"false\" name=\"giorno-preferito\"><option value=\"Luned\u00ec\">Luned\u00ec<\/option><option value=\"Marted\u00ec\">Marted\u00ec<\/option><option value=\"Mercoled\u00ec\">Mercoled\u00ec<\/option><option value=\"Gioved\u00ec\">Gioved\u00ec<\/option><option value=\"Venerd\u00ec\">Venerd\u00ec<\/option><\/select><\/span>\n<\/p>\n<hr \/>\n<p><label> Informazioni Aggiuntive<br \/>\n<span class=\"wpcf7-form-control-wrap\" data-name=\"your-message\"><textarea cols=\"40\" rows=\"10\" class=\"wpcf7-form-control wpcf7-textarea\" aria-invalid=\"false\" name=\"your-message\"><\/textarea><\/span> <\/label>\n<\/p>\n<div style=\"border-radius:5px;border:1px solid #8c8c8c;padding:8px;background:#625c5c;margin-bottom:10px;\">\n\t<p><span class=\"wpcf7-form-control-wrap\" data-name=\"AccettazionePolicy\"><span class=\"wpcf7-form-control wpcf7-acceptance\"><span class=\"wpcf7-list-item\"><label><input type=\"checkbox\" name=\"AccettazionePolicy\" value=\"1\" aria-invalid=\"false\" \/><span class=\"wpcf7-list-item-label\">Accetto il trattamento dei dati personali come da <a href=\"https:\/\/www.iubenda.com\/privacy-policy\/44145013\">Privacy Policy<\/a><\/span><\/label><\/span><\/span><\/span>\n\t<\/p>\n<\/div>\n<p><input class=\"wpcf7-form-control has-spinner wpcf7-submit\" type=\"submit\" value=\"Invia\" \/>\n<\/p><p style=\"display: none !important;\" class=\"akismet-fields-container\" data-prefix=\"_wpcf7_ak_\"><label>&#916;<textarea name=\"_wpcf7_ak_hp_textarea\" cols=\"45\" rows=\"8\" maxlength=\"100\"><\/textarea><\/label><input type=\"hidden\" id=\"ak_js_1\" name=\"_wpcf7_ak_js\" value=\"222\"\/><script>document.getElementById( \"ak_js_1\" ).setAttribute( \"value\", ( new Date() ).getTime() );<\/script><\/p><div class=\"fusion-alert alert custom alert-custom fusion-alert-center wpcf7-response-output alert-dismissable\" style=\"--awb-border-size:1px;\" role=\"alert\"><div class=\"fusion-alert-content-wrapper\"><span class=\"fusion-alert-content\"><\/span><\/div><button type=\"button\" class=\"close toggle-alert\" data-dismiss=\"alert\" aria-label=\"Close\">&times;<\/button><\/div>\n<input type=\"hidden\" name=\"trp-form-language\" value=\"en\"\/><\/form>\n<\/div>\n<div class=\"fusion-clearfix\"><\/div><\/div><\/div><\/div><\/div>","protected":false},"excerpt":{"rendered":"","protected":false},"author":3,"featured_media":0,"parent":0,"menu_order":0,"comment_status":"closed","ping_status":"closed","template":"","meta":[],"yoast_head":"<!-- This site is optimized with the Yoast SEO plugin v20.0 - https:\/\/yoast.com\/wordpress\/plugins\/seo\/ -->\n<title>ONLINE SESSION DTX E-DRUM e EAD10 - danielechiantese.it<\/title>\n<meta name=\"robots\" content=\"index, follow, max-snippet:-1, max-image-preview:large, max-video-preview:-1\" \/>\n<link rel=\"canonical\" href=\"https:\/\/www.danielechiantese.it\/en\/online-session-dtx-e-drum-ead10\/\" \/>\n<meta property=\"og:locale\" content=\"en_GB\" \/>\n<meta property=\"og:type\" content=\"article\" \/>\n<meta property=\"og:title\" content=\"ONLINE SESSION DTX E-DRUM e EAD10 - danielechiantese.it\" \/>\n<meta property=\"og:url\" content=\"https:\/\/www.danielechiantese.it\/en\/online-session-dtx-e-drum-ead10\/\" \/>\n<meta property=\"og:site_name\" content=\"danielechiantese.it\" \/>\n<meta property=\"article:modified_time\" content=\"2021-11-09T09:53:50+00:00\" \/>\n<meta name=\"twitter:card\" content=\"summary_large_image\" \/>\n<meta name=\"twitter:label1\" content=\"Estimated reading time\" \/>\n\t<meta name=\"twitter:data1\" content=\"3 minutes\" \/>\n<script type=\"application\/ld+json\" class=\"yoast-schema-graph\">{\"@context\":\"https:\/\/schema.org\",\"@graph\":[{\"@type\":\"WebPage\",\"@id\":\"https:\/\/www.danielechiantese.it\/online-session-dtx-e-drum-ead10\/\",\"url\":\"https:\/\/www.danielechiantese.it\/online-session-dtx-e-drum-ead10\/\",\"name\":\"ONLINE SESSION DTX E-DRUM e EAD10 - danielechiantese.it\",\"isPartOf\":{\"@id\":\"https:\/\/www.danielechiantese.it\/#website\"},\"datePublished\":\"2020-09-10T09:29:18+00:00\",\"dateModified\":\"2021-11-09T09:53:50+00:00\",\"breadcrumb\":{\"@id\":\"https:\/\/www.danielechiantese.it\/online-session-dtx-e-drum-ead10\/#breadcrumb\"},\"inLanguage\":\"en-GB\",\"potentialAction\":[{\"@type\":\"ReadAction\",\"target\":[\"https:\/\/www.danielechiantese.it\/online-session-dtx-e-drum-ead10\/\"]}]},{\"@type\":\"BreadcrumbList\",\"@id\":\"https:\/\/www.danielechiantese.it\/online-session-dtx-e-drum-ead10\/#breadcrumb\",\"itemListElement\":[{\"@type\":\"ListItem\",\"position\":1,\"name\":\"Home\",\"item\":\"https:\/\/www.danielechiantese.it\/\"},{\"@type\":\"ListItem\",\"position\":2,\"name\":\"ONLINE SESSION DTX E-DRUM e EAD10\"}]},{\"@type\":\"WebSite\",\"@id\":\"https:\/\/www.danielechiantese.it\/#website\",\"url\":\"https:\/\/www.danielechiantese.it\/\",\"name\":\"danielechiantese.it\",\"description\":\"Session, Drummer, Clinician, Educator\",\"potentialAction\":[{\"@type\":\"SearchAction\",\"target\":{\"@type\":\"EntryPoint\",\"urlTemplate\":\"https:\/\/www.danielechiantese.it\/?s={search_term_string}\"},\"query-input\":\"required name=search_term_string\"}],\"inLanguage\":\"en-GB\"}]}<\/script>\n<!-- \/ Yoast SEO plugin. -->","yoast_head_json":{"title":"ONLINE SESSION DTX E-DRUM e EAD10 - danielechiantese.it","robots":{"index":"index","follow":"follow","max-snippet":"max-snippet:-1","max-image-preview":"max-image-preview:large","max-video-preview":"max-video-preview:-1"},"canonical":"https:\/\/www.danielechiantese.it\/en\/online-session-dtx-e-drum-ead10\/","og_locale":"en_GB","og_type":"article","og_title":"ONLINE SESSION DTX E-DRUM e EAD10 - danielechiantese.it","og_url":"https:\/\/www.danielechiantese.it\/en\/online-session-dtx-e-drum-ead10\/","og_site_name":"danielechiantese.it","article_modified_time":"2021-11-09T09:53:50+00:00","twitter_card":"summary_large_image","twitter_misc":{"Estimated reading time":"3 minutes"},"schema":{"@context":"https:\/\/schema.org","@graph":[{"@type":"WebPage","@id":"https:\/\/www.danielechiantese.it\/online-session-dtx-e-drum-ead10\/","url":"https:\/\/www.danielechiantese.it\/online-session-dtx-e-drum-ead10\/","name":"ONLINE SESSION DTX E-DRUM e EAD10 - danielechiantese.it","isPartOf":{"@id":"https:\/\/www.danielechiantese.it\/#website"},"datePublished":"2020-09-10T09:29:18+00:00","dateModified":"2021-11-09T09:53:50+00:00","breadcrumb":{"@id":"https:\/\/www.danielechiantese.it\/online-session-dtx-e-drum-ead10\/#breadcrumb"},"inLanguage":"en-GB","potentialAction":[{"@type":"ReadAction","target":["https:\/\/www.danielechiantese.it\/online-session-dtx-e-drum-ead10\/"]}]},{"@type":"BreadcrumbList","@id":"https:\/\/www.danielechiantese.it\/online-session-dtx-e-drum-ead10\/#breadcrumb","itemListElement":[{"@type":"ListItem","position":1,"name":"Home","item":"https:\/\/www.danielechiantese.it\/"},{"@type":"ListItem","position":2,"name":"ONLINE SESSION DTX E-DRUM e EAD10"}]},{"@type":"WebSite","@id":"https:\/\/www.danielechiantese.it\/#website","url":"https:\/\/www.danielechiantese.it\/","name":"danielechiantese.it","description":"Session, Drummer, Clinician, Educator","potentialAction":[{"@type":"SearchAction","target":{"@type":"EntryPoint","urlTemplate":"https:\/\/www.danielechiantese.it\/?s={search_term_string}"},"query-input":"required name=search_term_string"}],"inLanguage":"en-GB"}]}},"jetpack-related-posts":[{"id":864,"url":"https:\/\/www.danielechiantese.it\/en\/drum-room-page\/","url_meta":{"origin":507,"position":0},"title":"Drum Rooms","date":"17 December 2021","format":false,"excerpt":"","rel":"","context":"Similar post","img":{"alt_text":"","src":"","width":0,"height":0},"classes":[]},{"id":1330,"url":"https:\/\/www.danielechiantese.it\/en\/registrazione-utente\/","url_meta":{"origin":507,"position":1},"title":"Registrazione Sito Internet Daniele Chiantese","date":"6 December 2021","format":false,"excerpt":"","rel":"","context":"Similar post","img":{"alt_text":"","src":"","width":0,"height":0},"classes":[]},{"id":535,"url":"https:\/\/www.danielechiantese.it\/en\/shop\/","url_meta":{"origin":507,"position":2},"title":"Shop","date":"17 December 2021","format":false,"excerpt":"","rel":"","context":"Similar post","img":{"alt_text":"","src":"","width":0,"height":0},"classes":[]},{"id":259,"url":"https:\/\/www.danielechiantese.it\/en\/","url_meta":{"origin":507,"position":3},"title":"Home","date":"6 July 2016","format":false,"excerpt":"","rel":"","context":"Similar post","img":{"alt_text":"","src":"","width":0,"height":0},"classes":[]}],"_links":{"self":[{"href":"https:\/\/www.danielechiantese.it\/en\/wp-json\/wp\/v2\/pages\/507"}],"collection":[{"href":"https:\/\/www.danielechiantese.it\/en\/wp-json\/wp\/v2\/pages"}],"about":[{"href":"https:\/\/www.danielechiantese.it\/en\/wp-json\/wp\/v2\/types\/page"}],"author":[{"embeddable":true,"href":"https:\/\/www.danielechiantese.it\/en\/wp-json\/wp\/v2\/users\/3"}],"replies":[{"embeddable":true,"href":"https:\/\/www.danielechiantese.it\/en\/wp-json\/wp\/v2\/comments?post=507"}],"version-history":[{"count":8,"href":"https:\/\/www.danielechiantese.it\/en\/wp-json\/wp\/v2\/pages\/507\/revisions"}],"predecessor-version":[{"id":518,"href":"https:\/\/www.danielechiantese.it\/en\/wp-json\/wp\/v2\/pages\/507\/revisions\/518"}],"wp:attachment":[{"href":"https:\/\/www.danielechiantese.it\/en\/wp-json\/wp\/v2\/media?parent=507"}],"curies":[{"name":"wp","href":"https:\/\/api.w.org\/{rel}","templated":true}]}}